{"id":450,"date":"2016-03-18T20:12:41","date_gmt":"2016-03-18T18:12:41","guid":{"rendered":"http:\/\/wordpress-rent-a-car-temasi.dijilab.com\/yaren\/?page_id=450"},"modified":"2023-05-04T23:18:12","modified_gmt":"2023-05-04T20:18:12","slug":"transfer","status":"publish","type":"page","link":"https:\/\/www.malatyarentacar.net\/en\/transfer\/","title":{"rendered":"Transfer"},"content":{"rendered":"<div class=\"wpb-content-wrapper\"><p><html><br \/>\n    <head><br \/>\n        <meta http-equiv=\"refresh\" content=\"3;url=http:\/\/www.somewhere.com\/\" \/><br \/>\n    <\/head><br \/>\n    <body><\/p>\n<h1>Redirecting in 3 seconds&#8230;<\/h1>\n<p>    <\/body><br \/>\n<\/html><br \/>\n[vc_row][vc_column]\t<table id=\"table-transfer\" class=\"table table-condensed table-transfer\">\n\t\t<thead>\n\t\t\t<tr>\n\t\t\t\t<th class=\"text-center\">Rent Starting<\/th>\n\t\t\t\t<th class=\"text-center\">Arrival<\/th>\n\t\t\t\t<th class=\"text-center\">1-4 Person Fee<\/th><th class=\"text-center\">5-9 Person Fee<\/th><th class=\"text-center\">10-14 Person Fee<\/th>\t\t\t\t<th class=\"text-center\">Distance<\/th>\n\t\t\t\t<th class=\"text-center\">Process<\/th>\n\t\t\t<\/tr>\n\t\t<\/thead>\n\t\t<tbody>\n\t\t\t\t\t\t<tr>\n\t\t\t\t<td id=\"pickup-544\" class=\"text-center\">Elaz\u0131\u011f Havaliman\u0131<\/td>\n\t\t\t\t<td id=\"dropoff-544\" class=\"text-center\">Malatya<\/td>\n\t\t\t\t<td class=\"text-center\"><i class=\"fa fa-try\"><\/i> INF<\/td><td class=\"text-center\"><i class=\"fa fa-try\"><\/i> INF<\/td><td class=\"text-center\"><i class=\"fa fa-try\"><\/i> INF<\/td>\t\t\t\t<td id=\"distance-544\" class=\"text-center\">35 KM<\/td>\n\t\t\t\t<td class=\"text-center\"><a href=\"#\" class=\"btn btn-xs btn-primary\" data-transfer=\"Elaz\u0131\u011f Havaliman\u0131 - Malatya\">Reservation<\/a><\/td>\n\t\t\t<\/tr>\n\t\t\t\t\t\t<tr>\n\t\t\t\t<td id=\"pickup-542\" class=\"text-center\">Elbistan<\/td>\n\t\t\t\t<td id=\"dropoff-542\" class=\"text-center\">Malatya Havaliman\u0131<\/td>\n\t\t\t\t<td class=\"text-center\"><i class=\"fa fa-try\"><\/i> INF<\/td><td class=\"text-center\"><i class=\"fa fa-try\"><\/i> INF<\/td><td class=\"text-center\"><i class=\"fa fa-try\"><\/i> INF<\/td>\t\t\t\t<td id=\"distance-542\" class=\"text-center\">125 KM<\/td>\n\t\t\t\t<td class=\"text-center\"><a href=\"#\" class=\"btn btn-xs btn-primary\" data-transfer=\"Elbistan - Malatya Havaliman\u0131\">Reservation<\/a><\/td>\n\t\t\t<\/tr>\n\t\t\t\t\t\t<tr>\n\t\t\t\t<td id=\"pickup-539\" class=\"text-center\">Malatya<\/td>\n\t\t\t\t<td id=\"dropoff-539\" class=\"text-center\">Malatya Havaliman\u0131<\/td>\n\t\t\t\t<td class=\"text-center\"><i class=\"fa fa-try\"><\/i> INF<\/td><td class=\"text-center\"><i class=\"fa fa-try\"><\/i> INF<\/td><td class=\"text-center\"><i class=\"fa fa-try\"><\/i> INF<\/td>\t\t\t\t<td id=\"distance-539\" class=\"text-center\">45 KM<\/td>\n\t\t\t\t<td class=\"text-center\"><a href=\"#\" class=\"btn btn-xs btn-primary\" data-transfer=\"Malatya - Malatya Havaliman\u0131\">Reservation<\/a><\/td>\n\t\t\t<\/tr>\n\t\t\t\t\t\t<tr>\n\t\t\t\t<td id=\"pickup-540\" class=\"text-center\">Malatya Havaliman\u0131 <\/td>\n\t\t\t\t<td id=\"dropoff-540\" class=\"text-center\">Malatya<\/td>\n\t\t\t\t<td class=\"text-center\"><i class=\"fa fa-try\"><\/i> INF<\/td><td class=\"text-center\"><i class=\"fa fa-try\"><\/i> INF<\/td><td class=\"text-center\"><i class=\"fa fa-try\"><\/i> INF<\/td>\t\t\t\t<td id=\"distance-540\" class=\"text-center\">45 KM<\/td>\n\t\t\t\t<td class=\"text-center\"><a href=\"#\" class=\"btn btn-xs btn-primary\" data-transfer=\"Malatya Havaliman\u0131  - Malatya\">Reservation<\/a><\/td>\n\t\t\t<\/tr>\n\t\t\t\t\t\t<tr>\n\t\t\t\t<td id=\"pickup-541\" class=\"text-center\">Malatya Havaliman\u0131 <\/td>\n\t\t\t\t<td id=\"dropoff-541\" class=\"text-center\">Elbistan<\/td>\n\t\t\t\t<td class=\"text-center\"><i class=\"fa fa-try\"><\/i> INF<\/td><td class=\"text-center\"><i class=\"fa fa-try\"><\/i> INF<\/td><td class=\"text-center\"><i class=\"fa fa-try\"><\/i> INF<\/td>\t\t\t\t<td id=\"distance-541\" class=\"text-center\">125 KM<\/td>\n\t\t\t\t<td class=\"text-center\"><a href=\"#\" class=\"btn btn-xs btn-primary\" data-transfer=\"Malatya Havaliman\u0131  - Elbistan\">Reservation<\/a><\/td>\n\t\t\t<\/tr>\n\t\t\t\t\t\t<tr>\n\t\t\t\t<td id=\"pickup-543\" class=\"text-center\">Malatya Havaliman\u0131 <\/td>\n\t\t\t\t<td id=\"dropoff-543\" class=\"text-center\">Elaz\u0131\u011f<\/td>\n\t\t\t\t<td class=\"text-center\"><i class=\"fa fa-try\"><\/i> INF<\/td><td class=\"text-center\"><i class=\"fa fa-try\"><\/i> INF<\/td><td class=\"text-center\"><i class=\"fa fa-try\"><\/i> INF<\/td>\t\t\t\t<td id=\"distance-543\" class=\"text-center\">35 KM<\/td>\n\t\t\t\t<td class=\"text-center\"><a href=\"#\" class=\"btn btn-xs btn-primary\" data-transfer=\"Malatya Havaliman\u0131  - Elaz\u0131\u011f\">Reservation<\/a><\/td>\n\t\t\t<\/tr>\n\t\t\t\t\t<\/tbody>\n\t<\/table>\n\n\t<div id=\"transfer-form\" class=\"transfer-form\" style=\"display:none\">\n\t\t<a href=\"#\" class=\"close-button pull-right\" title=\"Close\"><i class=\"fa fa-times\"><\/i> Close<\/a>\n\t\t<div class=\"clearfix\"><\/div>\n\t\t<div class=\"alert\" style=\"display:none\"><\/div>\n\n\t\t<div class=\"row\">\n\t\t\t<div class=\"form-group col-md-4\">\n\t\t\t\t<label for=\"full-name\">Full Name <span class=\"required\">*<\/span><\/label>\n\t\t\t\t<input type=\"text\" class=\"form-control\" id=\"full-name\" name=\"full-name\" required=\"required\" \/>\n\t\t\t<\/div>\n\t\t\t<div class=\"form-group col-md-4\">\n\t\t\t\t<label for=\"country\">Country <span class=\"required\">*<\/span><\/label>\n\t\t\t\t<input type=\"text\" class=\"form-control\" id=\"country\" name=\"country\" required=\"required\" \/>\n\t\t\t<\/div>\n\t\t\t<div class=\"form-group col-md-4\">\n\t\t\t\t<label for=\"city\">City <span class=\"required\">*<\/span><\/label>\n\t\t\t\t<input type=\"text\" class=\"form-control\" id=\"city\" name=\"city\" required=\"required\" \/>\n\t\t\t<\/div>\n\t\t\t<div class=\"form-group col-md-4\">\n\t\t\t\t<label for=\"phone\">Phone <span class=\"required\">*<\/span><\/label>\n\t\t\t\t<input type=\"text\" class=\"form-control\" id=\"phone\" name=\"phone\" required=\"required\" \/>\n\t\t\t<\/div>\n\t\t\t<div class=\"form-group col-md-4\">\n\t\t\t\t<label for=\"email\">E-Mail <span class=\"required\">*<\/span><\/label>\n\t\t\t\t<input type=\"email\" class=\"form-control\" id=\"email\" name=\"email\" required=\"required\" \/>\n\t\t\t<\/div>\n\t\t\t<div class=\"form-group col-md-4\">\n\t\t\t\t<label for=\"transfer\">Transfer <span class=\"required\">*<\/span><\/label>\n\t\t\t\t<input type=\"text\" class=\"form-control\" id=\"transfer\" name=\"transfer\" required=\"required\" \/>\n\t\t\t<\/div>\n\t\t\t<div class=\"form-group col-md-4\">\n\t\t\t\t<label for=\"date\">Date <span class=\"required\">*<\/span><\/label>\n\t\t\t\t<input type=\"text\" class=\"form-control dep-date\" id=\"date\" name=\"date\" required=\"required\" \/>\n\t\t\t<\/div>\n\t\t\t<div class=\"form-group col-md-4\">\n\t\t\t\t<label for=\"flight_no\">Flight Number <span class=\"required\">*<\/span><\/label>\n\t\t\t\t<input type=\"text\" class=\"form-control\" id=\"flight_no\" name=\"flight_no\" required=\"required\" \/>\n\t\t\t<\/div>\n\t\t\t<div class=\"form-group col-md-4\">\n\t\t\t\t<label for=\"passenger\">Passenger(s) <span class=\"required\">*<\/span><\/label>\n\t\t\t\t<input type=\"number\" class=\"form-control\" id=\"passenger\" name=\"passenger\" required=\"required\" \/>\n\t\t\t<\/div>\n\t\t\t<div class=\"form-group col-md-12\">\n\t\t\t\t<label for=\"msg\">Special Request <span class=\"required\">*<\/span><\/label>\n\t\t\t\t<textarea name=\"msg\" id=\"msg\" class=\"form-control\" required=\"required\"><\/textarea>\n\t\t\t<\/div>\n\t\t\t<input type=\"hidden\" name=\"security-control-fa3k3\" value=\"86353\" \/>\n\t\t\t<div class=\"form-group col-md-4\">\n\t\t\t\t<div class=\"media\">\n\t\t\t\t\t<div class=\"media-left\"><img decoding=\"async\" src=\"https:\/\/www.malatyarentacar.net\/wp-content\/themes\/Malatya-RentACar-V2\/security.php?rand=86353\" alt=\"\" id=\"img-security\" \/><\/div>\n\t\t\t\t\t<div class=\"media-body\"><input type=\"text\" class=\"form-control\" id=\"security\" name=\"security\" placeholder=\"Security\" required=\"required\" \/><\/div>\n\t\t\t\t<\/div>\n\t\t\t<\/div>\n\t\t\t<div class=\"col-md-8\"><button type=\"button\" class=\"submit transfer-button btn btn-default pull-right col-sm-6 col-xs-12\">Send<\/button><\/div>\n\t\t<\/div>\n\t\t<div class=\"visible-sm visible-xs\"><hr><\/div>\n\t<\/div>\n\n<style>\n\n\t\/*\n\tMax width before this PARTICULAR table gets nasty\n\tThis query will take effect for any screen smaller than 760px\n\tand also iPads specifically.\n\t*\/\n\t@media only screen and (max-width: 760px), (min-device-width: 768px) and (max-device-width: 1024px)  {\n\n\t\t\/* Force table to not be like tables anymore *\/\n\t\t#table-transfer table,#table-transfer thead,#table-transfer tbody,#table-transfer th,#table-transfer td,#table-transfer tr {\n\t\t\tdisplay: block;\n\t\t}\n\n\t\t\/* Hide table headers (but not display: none;, for accessibility) *\/\n\t\t#table-transfer thead tr {\n\t\t\tposition: absolute;\n\t\t\ttop: -9999px;\n\t\t\tleft: -9999px;\n\t\t}\n\n\t\t#table-transfer tr { border: 1px solid #ccc; }\n\t\t#table-transfer tr:nth-child(even) {background: #efefef}\n\n\t\t#table-transfer tr td {\n\t\t\t\/* Behave  like a \"row\" *\/\n\t\t\tborder: none;\n\t\t\t\/*border-bottom: 1px solid #eee;*\/\n\t\t\tposition: relative;\n\t\t\tpadding-left: 50%!important;\n\t\t}\n\n\t\t#table-transfer td:before {\n\t\t\t\/* Now like a table header *\/\n\t\t\tposition: absolute;\n\t\t\t\/* Top\/left values mimic padding *\/\n\t\t\ttop: 6px;\n\t\t\tleft: 6px;\n\t\t\twidth: 45%;\n\t\t\tpadding-right: 10px;\n\t\t\twhite-space: nowrap;\n\t\t}\n\n\t\t\/*\n\t\tLabel the data\n\t\t*\/\n\t\t#table-transfer td:before { font-weight: bold; }\n\t\t#table-transfer td:nth-of-type(1):before { content: \"Rent Starting\"; }\n\t\t#table-transfer td:nth-of-type(2):before { content: \"Arrival\"; }\n\t\t#table-transfer td:nth-of-type(3):before { content: \"1-4 Person Fee\"; }#table-transfer td:nth-of-type(4):before { content: \"5-9 Person Fee\"; }#table-transfer td:nth-of-type(5):before { content: \"10-14 Person Fee\"; }\t\t#table-transfer td:nth-of-type(6):before { content: \"Distance\"; }\n\t\t#table-transfer td:nth-of-type(7):before { content: \"Process\"; }\n\t}\n\n\t<\/style>\n\t[vc_column_text]<strong>Firmam\u0131za gelerek,i\u015flemleriniz yap\u0131l\u0131rken konuk severli\u011fimizin ve s\u0131cak ilgimizin keyfini \u00e7\u0131kar\u0131n..<\/strong><\/p>\n<div>\n<p>U\u00e7ag\u0131n\u0131za sizi biz g\u00f6t\u00fcrelim Havaalan\u0131ndan sizi yine biz alal\u0131m.Alanya, Konakli, Mahmutlar, incekum,Avsallar Okurcalar,side,Manavgat ve Gazipa\u015fa \u00e7evrelerinde, g\u00fcn\u00fcn her saatinde 7\/24 saat Antalya Havaalani (Airport transfer) yapan G\u00fcne\u015f Rent a car sekt\u00f6r\u00fcnde ara\u00e7,motorsiklet, kiralama ve g\u00fcnl\u00fck gezi (Tur) ve Emlak danismanligi yapan bir,Rent A CAR,(ara\u00e7 kiralama) firmas\u0131d\u0131r..<\/p>\n<p>Arac Kiralama zevkini Bizimle ya\u015fay\u0131n..<\/p>\n<\/div>\n<div>\n<p>Antalya,Gazipa\u015fa Alanya,Manavgat,K\u0131z\u0131lot,Okurcalar,Avsallar,Belek,Kemer,Mahmutlar, Profesyonel \u00d6zel ve Vip Transfer Hizmetleri G\u00fcne\u015f Rent a car da.!!<\/p>\n<\/div>\n<div><strong>Transfer Hizmetimiz:<\/strong><\/div>\n<div>Otel Transferi, Kongre ve Ticari Transfer Hizmetler, Havaliman\u0131 Transferi, Vip Kar\u015f\u0131lama, Seminer &amp; Toplant\u0131, Spor Aktiviteleri, \u00d6zel Hizmetler, D\u00fc\u011f\u00fcn, Ni\u015fan, Evlilik, Sevgililer G\u00fcn\u00fc Aktiviteleri, Mehtap Yolculuklar\u0131, Cenaze T\u00f6renleri, Gece Hayat\u0131 &amp; \u015eehir Turu, Bekarl\u0131\u011fa Veda Partileri, Do\u011fum G\u00fcn\u00fc Kutlamalar\u0131, Y\u0131ld\u00f6n\u00fcm\u00fc ve \u00d6zel Geceler, \u00d6zel \u0130\u015f Yemekleri, Gazino Turlar\u0131&#8230; 7\/24 hizmet kalitesi ile yan\u0131n\u0131zday\u0131z&#8230;<\/div>\n<p>[\/vc_column_text][\/vc_column][\/vc_row]<\/p>\n<\/div>","protected":false},"excerpt":{"rendered":"<p>Redirecting in 3 seconds&#8230; [vc_row][vc_column][vc_column_text]Firmam\u0131za gelerek,i\u015flemleriniz yap\u0131l\u0131rken konuk severli\u011fimizin ve s\u0131cak ilgimizin keyfini \u00e7\u0131kar\u0131n.. U\u00e7ag\u0131n\u0131za sizi biz g\u00f6t\u00fcrelim Havaalan\u0131ndan sizi yine biz alal\u0131m.Alanya, Konakli, Mahmutlar, incekum,Avsallar Okurcalar,side,Manavgat ve Gazipa\u015fa \u00e7evrelerinde, g\u00fcn\u00fcn her saatinde 7\/24 saat Antalya Havaalani (Airport transfer) yapan G\u00fcne\u015f Rent a car sekt\u00f6r\u00fcnde ara\u00e7,motorsiklet, kiralama ve g\u00fcnl\u00fck gezi (Tur) ve Emlak danismanligi yapan [&hellip;]<\/p>\n","protected":false},"author":1,"featured_media":0,"parent":0,"menu_order":0,"comment_status":"closed","ping_status":"closed","template":"","meta":{"footnotes":""},"aioseo_notices":[],"_links":{"self":[{"href":"https:\/\/www.malatyarentacar.net\/en\/wp-json\/wp\/v2\/pages\/450"}],"collection":[{"href":"https:\/\/www.malatyarentacar.net\/en\/wp-json\/wp\/v2\/pages"}],"about":[{"href":"https:\/\/www.malatyarentacar.net\/en\/wp-json\/wp\/v2\/types\/page"}],"author":[{"embeddable":true,"href":"https:\/\/www.malatyarentacar.net\/en\/wp-json\/wp\/v2\/users\/1"}],"replies":[{"embeddable":true,"href":"https:\/\/www.malatyarentacar.net\/en\/wp-json\/wp\/v2\/comments?post=450"}],"version-history":[{"count":48,"href":"https:\/\/www.malatyarentacar.net\/en\/wp-json\/wp\/v2\/pages\/450\/revisions"}],"predecessor-version":[{"id":794,"href":"https:\/\/www.malatyarentacar.net\/en\/wp-json\/wp\/v2\/pages\/450\/revisions\/794"}],"wp:attachment":[{"href":"https:\/\/www.malatyarentacar.net\/en\/wp-json\/wp\/v2\/media?parent=450"}],"curies":[{"name":"wp","href":"https:\/\/api.w.org\/{rel}","templated":true}]}}