{"id":218,"date":"2016-01-12T20:42:10","date_gmt":"2016-01-12T18:42:10","guid":{"rendered":"http:\/\/localhost:8888\/rentacar-v2\/?page_id=218"},"modified":"2016-01-12T20:42:10","modified_gmt":"2016-01-12T18:42:10","slug":"iletisim","status":"publish","type":"page","link":"https:\/\/www.malatyarentacar.net\/en\/iletisim\/","title":{"rendered":"\u0130leti\u015fim"},"content":{"rendered":"<div class=\"wpb-content-wrapper\"><p>[vc_row][vc_column][vc_message color=&#8221;info&#8221;]T\u00fcm soru, g\u00f6r\u00fc\u015f ve \u00f6nerileriniz i\u00e7in bizi 7 g\u00fcn 24 saat <strong>+90 543\u00a0123\u00a011\u00a011\u00a0<\/strong>telefondan arayabilir<strong>\u00a0<\/strong>veya\u00a0<strong>info@siteadi.com <\/strong>adresine mail atarak iletebilirsiniz.[\/vc_message][\/vc_column][\/vc_row]<\/p>\n<\/div>","protected":false},"excerpt":{"rendered":"<p>[vc_row][vc_column][vc_message color=&#8221;info&#8221;]T\u00fcm soru, g\u00f6r\u00fc\u015f ve \u00f6nerileriniz i\u00e7in bizi 7 g\u00fcn 24 saat +90 543\u00a0123\u00a011\u00a011\u00a0telefondan arayabilir\u00a0veya\u00a0info@siteadi.com adresine mail atarak iletebilirsiniz.[\/vc_message][\/vc_column][\/vc_row]<\/p>\n","protected":false},"author":1,"featured_media":0,"parent":0,"menu_order":0,"comment_status":"closed","ping_status":"closed","template":"template-contact.php","meta":{"footnotes":""},"aioseo_notices":[],"_links":{"self":[{"href":"https:\/\/www.malatyarentacar.net\/en\/wp-json\/wp\/v2\/pages\/218"}],"collection":[{"href":"https:\/\/www.malatyarentacar.net\/en\/wp-json\/wp\/v2\/pages"}],"about":[{"href":"https:\/\/www.malatyarentacar.net\/en\/wp-json\/wp\/v2\/types\/page"}],"author":[{"embeddable":true,"href":"https:\/\/www.malatyarentacar.net\/en\/wp-json\/wp\/v2\/users\/1"}],"replies":[{"embeddable":true,"href":"https:\/\/www.malatyarentacar.net\/en\/wp-json\/wp\/v2\/comments?post=218"}],"version-history":[{"count":0,"href":"https:\/\/www.malatyarentacar.net\/en\/wp-json\/wp\/v2\/pages\/218\/revisions"}],"wp:attachment":[{"href":"https:\/\/www.malatyarentacar.net\/en\/wp-json\/wp\/v2\/media?parent=218"}],"curies":[{"name":"wp","href":"https:\/\/api.w.org\/{rel}","templated":true}]}}